{"id":1280,"date":"2025-02-25T20:12:11","date_gmt":"2025-02-25T20:12:11","guid":{"rendered":"https:\/\/mystudysmart.lt?post_type=product&#038;p=1280"},"modified":"2025-06-05T15:06:21","modified_gmt":"2025-06-05T15:06:21","slug":"1280","status":"publish","type":"product","link":"https:\/\/mystudysmart.lt\/en\/produktas\/1280\/","title":{"rendered":"English file Intermediate plus Students book"},"content":{"rendered":"<p class=\"p1\"><i>English File Upper-intermediate Student\u2019s Book<\/i> (4-asis leidimas) \u2013 tai i\u0161samus angl\u0173 kalbos vadov\u0117lis, skirtas vidutinio-pa\u017eengusio lygio mokiniams. \u0160iame vadov\u0117lyje rasite gramatikos, \u017eodyno, tarimo ir bendravimo \u012fg\u016bd\u017ei\u0173 u\u017eduotis.<\/p>\n<p class=\"p3\"><b>Pagrindin\u0117s savyb\u0117s:<\/b><b><\/b><\/p>\n<p class=\"p1\">\u2705\u00a0<span class=\"s1\"><b>\u012edomus turinys<\/b><\/span>\u00a0\u2013 aktualios temos ir realaus gyvenimo situacijos.<\/p>\n<p class=\"p1\">\u2705\u00a0<span class=\"s1\"><b>Ai\u0161ki strukt\u016bra<\/b><\/span>\u00a0\u2013 logi\u0161kai i\u0161d\u0117stytos pamokos lengvesniam mokymuisi.<\/p>\n<p class=\"p1\">\u2705\u00a0<span class=\"s1\"><b>Tarimo praktika<\/b><\/span>\u00a0\u2013 praktiniai pratimai ir ai\u0161kus tarimo mokymas.<\/p>\n<p class=\"p1\">\u2705\u00a0<span class=\"s1\"><b>Interaktyv\u016bs pratimai<\/b><\/span>\u00a0\u2013 klausymo, kalb\u0117jimo, skaitymo ir ra\u0161ymo u\u017eduotys.<\/p>\n<p class=\"p1\">\ud83d\udcda\u00a0<span class=\"s1\"><b>Lygis:<\/b><\/span> B1+<\/p>\n","protected":false},"excerpt":{"rendered":"<p>English File Upper-intermediate Student\u2019s Book (4-asis leidimas) \u2013 tai i\u0161samus angl\u0173 kalbos vadov\u0117lis, skirtas vidutinio+ lygio mokiniams. \u0160iame vadov\u0117lyje rasite gramatikos, \u017eodyno, tarimo ir bendravimo \u012fg\u016bd\u017ei\u0173 u\u017eduotis.<\/p>\n<p>Pagrindin\u0117s savyb\u0117s:<\/p>\n<p>\u2705\u00a0\u012edomus turinys\u00a0\u2013 aktualios temos ir realaus gyvenimo situacijos.<\/p>\n<p>\u2705\u00a0Ai\u0161ki strukt\u016bra\u00a0\u2013 logi\u0161kai i\u0161d\u0117stytos pamokos lengvesniam mokymuisi.<\/p>\n<p>\u2705\u00a0Tarimo praktika\u00a0\u2013 praktiniai pratimai ir ai\u0161kus tarimo mokymas.<\/p>\n<p>\u2705\u00a0Interaktyv\u016bs pratimai\u00a0\u2013 klausymo, kalb\u0117jimo, skaitymo ir ra\u0161ymo u\u017eduotys.<\/p>\n<p>\ud83d\udcda Lygis: B1+<\/p>\n","protected":false},"featured_media":1264,"comment_status":"open","ping_status":"closed","template":"","meta":[],"product_brand":[],"product_cat":[31],"product_tag":[],"class_list":{"0":"post-1280","1":"product","2":"type-product","3":"status-publish","4":"has-post-thumbnail","6":"product_cat-uncategorized","8":"first","9":"instock","10":"virtual","11":"purchasable","12":"product-type-simple"},"_links":{"self":[{"href":"https:\/\/mystudysmart.lt\/en\/wp-json\/wp\/v2\/product\/1280","targetHints":{"allow":["GET"]}}],"collection":[{"href":"https:\/\/mystudysmart.lt\/en\/wp-json\/wp\/v2\/product"}],"about":[{"href":"https:\/\/mystudysmart.lt\/en\/wp-json\/wp\/v2\/types\/product"}],"replies":[{"embeddable":true,"href":"https:\/\/mystudysmart.lt\/en\/wp-json\/wp\/v2\/comments?post=1280"}],"wp:featuredmedia":[{"embeddable":true,"href":"https:\/\/mystudysmart.lt\/en\/wp-json\/wp\/v2\/media\/1264"}],"wp:attachment":[{"href":"https:\/\/mystudysmart.lt\/en\/wp-json\/wp\/v2\/media?parent=1280"}],"wp:term":[{"taxonomy":"product_brand","embeddable":true,"href":"https:\/\/mystudysmart.lt\/en\/wp-json\/wp\/v2\/product_brand?post=1280"},{"taxonomy":"product_cat","embeddable":true,"href":"https:\/\/mystudysmart.lt\/en\/wp-json\/wp\/v2\/product_cat?post=1280"},{"taxonomy":"product_tag","embeddable":true,"href":"https:\/\/mystudysmart.lt\/en\/wp-json\/wp\/v2\/product_tag?post=1280"}],"curies":[{"name":"wp","href":"https:\/\/api.w.org\/{rel}","templated":true}]}}