{"id":1277,"date":"2025-02-25T20:02:50","date_gmt":"2025-02-25T20:02:50","guid":{"rendered":"https:\/\/mystudysmart.lt?post_type=product&#038;p=1277"},"modified":"2025-06-05T15:06:36","modified_gmt":"2025-06-05T15:06:36","slug":"english-file-anglu-kalbos-pratybos-intermediate-b1-lygiui","status":"publish","type":"product","link":"https:\/\/mystudysmart.lt\/en\/produktas\/english-file-anglu-kalbos-pratybos-intermediate-b1-lygiui\/","title":{"rendered":"English file Intermediate Workbook"},"content":{"rendered":"<p class=\"p1\"><i>English File Intermediate Student\u2019s Workbook<\/i> (4-asis leidimas) \u2013 tai pratybos, skirtos \u017eini\u0173 i\u0161mokt\u0173 klas\u0117je \u012ftvirtinimui. \u0160ios pratybos skirtos vidutinio lygio angl\u0173 kalbos mokiniams. Pratybose rasite puikias gramatikos, \u017eodyno, tarimo ir realaus bendravimo u\u017eduotis.<\/p>\n<p class=\"p1\">\u2705\u00a0<span class=\"s1\"><b>\u012edomus turinys<\/b><\/span>\u00a0\u2013 aktualios temos, smagios u\u017eduotys ir tikro gyvenimo dialogai.<\/p>\n<p class=\"p1\">\u2705\u00a0<span class=\"s1\"><b>Ai\u0161ki strukt\u016bra<\/b><\/span>\u00a0\u2013 lengvai suprantamos pamokos su nuoseklia metodika.<\/p>\n<p class=\"p1\">\u2705\u00a0<span class=\"s1\"><b>Tarimo tobulinimas<\/b><\/span>\u00a0\u2013 praktin\u0117s u\u017eduotys geresniam tarimui.<\/p>\n<p class=\"p1\">\u2705\u00a0<span class=\"s1\"><b>Interaktyvios veiklos<\/b><\/span>\u00a0\u2013 klausymo, kalb\u0117jimo, skaitymo ir ra\u0161ymo u\u017eduotys.<\/p>\n<p class=\"p1\">\u2705\u00a0<b>Interaktyvios u\u017eduotys<\/b>\u2013 suteikian\u010dios papildomos praktikos per garso \u012fra\u0161us.<\/p>\n<p class=\"p1\">\ud83d\udcda\u00a0<span class=\"s1\"><b>Lygis:<\/b><\/span> B1+ (Vidutinis+)<\/p>\n","protected":false},"excerpt":{"rendered":"<p class=\"p1\"><i>English File Intermediate Student\u2019s Workbook<\/i> (4-asis leidimas) \u2013 tai pratybos, skirtos \u017eini\u0173 i\u0161mokt\u0173 klas\u0117je \u012ftvirtinimui. \u0160ios pratybos skirtos vidutinio lygio angl\u0173 kalbos mokiniams. Pratybose rasite puikias gramatikos, \u017eodyno, tarimo ir realaus bendravimo u\u017eduotis.<\/p>\n<p class=\"p1\">\u2705\u00a0<span class=\"s1\"><b>\u012edomus turinys<\/b><\/span>\u00a0\u2013 aktualios temos, smagios u\u017eduotys ir tikro gyvenimo dialogai.<\/p>\n<p class=\"p1\">\u2705\u00a0<span class=\"s1\"><b>Ai\u0161ki strukt\u016bra<\/b><\/span>\u00a0\u2013 lengvai suprantamos pamokos su nuoseklia metodika.<\/p>\n<p class=\"p1\">\u2705\u00a0<span class=\"s1\"><b>Tarimo tobulinimas<\/b><\/span>\u00a0\u2013 praktin\u0117s u\u017eduotys geresniam tarimui.<\/p>\n<p class=\"p1\">\u2705\u00a0<span class=\"s1\"><b>Interaktyvios veiklos<\/b><\/span>\u00a0\u2013 klausymo, kalb\u0117jimo, skaitymo ir ra\u0161ymo u\u017eduotys.<\/p>\n<p class=\"p1\">\u2705\u00a0<b>Interaktyvios u\u017eduotys<\/b>\u2013 suteikian\u010dios papildomos praktikos per garso \u012fra\u0161us.<\/p>\n<p class=\"p1\">\ud83d\udcda\u00a0<span class=\"s1\"><b>Lygis:<\/b><\/span> B1+ (Vidutinis+)<\/p>\n","protected":false},"featured_media":1254,"comment_status":"open","ping_status":"closed","template":"","meta":[],"product_brand":[],"product_cat":[31],"product_tag":[],"class_list":{"0":"post-1277","1":"product","2":"type-product","3":"status-publish","4":"has-post-thumbnail","6":"product_cat-uncategorized","8":"first","9":"instock","10":"shipping-taxable","11":"purchasable","12":"product-type-simple"},"_links":{"self":[{"href":"https:\/\/mystudysmart.lt\/en\/wp-json\/wp\/v2\/product\/1277","targetHints":{"allow":["GET"]}}],"collection":[{"href":"https:\/\/mystudysmart.lt\/en\/wp-json\/wp\/v2\/product"}],"about":[{"href":"https:\/\/mystudysmart.lt\/en\/wp-json\/wp\/v2\/types\/product"}],"replies":[{"embeddable":true,"href":"https:\/\/mystudysmart.lt\/en\/wp-json\/wp\/v2\/comments?post=1277"}],"wp:featuredmedia":[{"embeddable":true,"href":"https:\/\/mystudysmart.lt\/en\/wp-json\/wp\/v2\/media\/1254"}],"wp:attachment":[{"href":"https:\/\/mystudysmart.lt\/en\/wp-json\/wp\/v2\/media?parent=1277"}],"wp:term":[{"taxonomy":"product_brand","embeddable":true,"href":"https:\/\/mystudysmart.lt\/en\/wp-json\/wp\/v2\/product_brand?post=1277"},{"taxonomy":"product_cat","embeddable":true,"href":"https:\/\/mystudysmart.lt\/en\/wp-json\/wp\/v2\/product_cat?post=1277"},{"taxonomy":"product_tag","embeddable":true,"href":"https:\/\/mystudysmart.lt\/en\/wp-json\/wp\/v2\/product_tag?post=1277"}],"curies":[{"name":"wp","href":"https:\/\/api.w.org\/{rel}","templated":true}]}}