{"id":1271,"date":"2025-02-25T19:43:26","date_gmt":"2025-02-25T19:43:26","guid":{"rendered":"https:\/\/mystudysmart.lt?post_type=product&#038;p=1271"},"modified":"2025-06-05T15:07:24","modified_gmt":"2025-06-05T15:07:24","slug":"english-file-anglu-kalbos-vadovelis-b1-pre-intermediate-lygiui","status":"publish","type":"product","link":"https:\/\/mystudysmart.lt\/en\/produktas\/english-file-anglu-kalbos-vadovelis-b1-pre-intermediate-lygiui\/","title":{"rendered":"English file pre-Intermediate Students book"},"content":{"rendered":"<p class=\"p1\"><i>English File Pre-Intermediate Student\u2019s Book<\/i> (4-asis leidimas) \u2013 tai moderni mokinio knyga, skirta vidutinio lygio angl\u0173 kalbos mokiniams.<\/p>\n<p class=\"p3\"><b>Pagrindin\u0117s savyb\u0117s:<\/b><b><\/b><\/p>\n<p class=\"p1\">\u2705 <span class=\"s1\"><b>\u012edomus ir motyvuojantis turinys<\/b><\/span> \u2013 realaus gyvenimo situacijos ir aktualios temos.<\/p>\n<p class=\"p1\">\u2705 <span class=\"s1\"><b>Tarimo tobulinimas<\/b><\/span> \u2013 praktiniai pratimai ai\u0161kesniam tarimui.<\/p>\n<p class=\"p1\">\u2705 <span class=\"s1\"><b>Interaktyvios u\u017eduotys<\/b><\/span> \u2013 klausymo, kalb\u0117jimo, skaitymo ir ra\u0161ymo u\u017eduotys.<\/p>\n<p class=\"p1\">\u2705 <span class=\"s1\"><b>Interaktyvios u\u017eduotys<\/b><\/span>\u2013 papildoma praktika ir garso \u012fra\u0161ai.<\/p>\n<p class=\"p1\">\ud83d\udcda <span class=\"s1\"><b>Lygis:<\/b><\/span> A2-B1 (Vidutinis)<\/p>\n<p class=\"p1\">\n","protected":false},"excerpt":{"rendered":"<p class=\"p1\"><i>English File Pre-Intermediate Student\u2019s Book<\/i>\u00a0(4-asis leidimas) \u2013 tai moderni mokinio knyga, skirta vidutinio lygio angl\u0173 kalbos mokiniams.<\/p>\n<p class=\"p3\"><b>Pagrindin\u0117s savyb\u0117s:<\/b><b><\/b><\/p>\n<p class=\"p1\">\u2705\u00a0<span class=\"s1\"><b>\u012edomus ir motyvuojantis turinys<\/b><\/span>\u00a0\u2013 realaus gyvenimo situacijos ir aktualios temos.<\/p>\n<p class=\"p1\">\u2705\u00a0<span class=\"s1\"><b>Tarimo tobulinimas<\/b><\/span>\u00a0\u2013 praktiniai pratimai ai\u0161kesniam tarimui.<\/p>\n<p class=\"p1\">\u2705\u00a0<span class=\"s1\"><b>Interaktyvios u\u017eduotys<\/b><\/span>\u00a0\u2013 klausymo, kalb\u0117jimo, skaitymo ir ra\u0161ymo u\u017eduotys.<\/p>\n<p class=\"p1\">\u2705\u00a0<span class=\"s1\"><b>Interaktyvios u\u017eduotys<\/b><\/span>\u2013 papildoma praktika ir garso \u012fra\u0161ai.<\/p>\n<p class=\"p1\">\ud83d\udcda\u00a0<span class=\"s1\"><b>Lygis:<\/b><\/span>\u00a0A2-B1 (Vidutinis)<\/p>\n","protected":false},"featured_media":1262,"comment_status":"open","ping_status":"closed","template":"","meta":[],"product_brand":[],"product_cat":[31],"product_tag":[],"class_list":{"0":"post-1271","1":"product","2":"type-product","3":"status-publish","4":"has-post-thumbnail","6":"product_cat-uncategorized","8":"first","9":"instock","10":"shipping-taxable","11":"purchasable","12":"product-type-simple"},"_links":{"self":[{"href":"https:\/\/mystudysmart.lt\/en\/wp-json\/wp\/v2\/product\/1271","targetHints":{"allow":["GET"]}}],"collection":[{"href":"https:\/\/mystudysmart.lt\/en\/wp-json\/wp\/v2\/product"}],"about":[{"href":"https:\/\/mystudysmart.lt\/en\/wp-json\/wp\/v2\/types\/product"}],"replies":[{"embeddable":true,"href":"https:\/\/mystudysmart.lt\/en\/wp-json\/wp\/v2\/comments?post=1271"}],"wp:featuredmedia":[{"embeddable":true,"href":"https:\/\/mystudysmart.lt\/en\/wp-json\/wp\/v2\/media\/1262"}],"wp:attachment":[{"href":"https:\/\/mystudysmart.lt\/en\/wp-json\/wp\/v2\/media?parent=1271"}],"wp:term":[{"taxonomy":"product_brand","embeddable":true,"href":"https:\/\/mystudysmart.lt\/en\/wp-json\/wp\/v2\/product_brand?post=1271"},{"taxonomy":"product_cat","embeddable":true,"href":"https:\/\/mystudysmart.lt\/en\/wp-json\/wp\/v2\/product_cat?post=1271"},{"taxonomy":"product_tag","embeddable":true,"href":"https:\/\/mystudysmart.lt\/en\/wp-json\/wp\/v2\/product_tag?post=1271"}],"curies":[{"name":"wp","href":"https:\/\/api.w.org\/{rel}","templated":true}]}}