{"id":1250,"date":"2025-02-25T19:15:59","date_gmt":"2025-02-25T19:15:59","guid":{"rendered":"https:\/\/mystudysmart.lt?post_type=product&#038;p=1250"},"modified":"2025-06-05T15:07:57","modified_gmt":"2025-06-05T15:07:57","slug":"english-file-vadovelis-a2-elementary-lygiui","status":"publish","type":"product","link":"https:\/\/mystudysmart.lt\/en\/produktas\/english-file-vadovelis-a2-elementary-lygiui\/","title":{"rendered":"English file Elementary Students book"},"content":{"rendered":"<p class=\"p1\"><i>English File Elementary Student\u2019s Book<\/i> (4-asis leidimas) \u2013 tai\u00a0 \u012ftraukianti mokomoji knyga, skirta pradedantiesiems angl\u0173 kalbos mokiniams. Joje rasite puik\u0173 gramatikos, \u017eodyno, tarimo ir realaus bendravimo praktikas.<\/p>\n<p class=\"p1\">\u2705 <span class=\"s1\"><b>\u012edomus turinys<\/b><\/span> \u2013 aktualios temos, smagios u\u017eduotys ir tikro gyvenimo dialogai.<\/p>\n<p class=\"p1\">\u2705 <span class=\"s1\"><b>Ai\u0161ki strukt\u016bra<\/b><\/span> \u2013 lengvai suprantamos pamokos su nuoseklia metodika.<\/p>\n<p class=\"p1\">\u2705 <span class=\"s1\"><b>Tarimo tobulinimas<\/b><\/span> \u2013 praktin\u0117s u\u017eduotys geresniam tarimui.<\/p>\n<p class=\"p1\">\u2705 <span class=\"s1\"><b>Interaktyvios veiklos<\/b><\/span> \u2013 klausymo, kalb\u0117jimo, skaitymo ir ra\u0161ymo u\u017eduotys.<\/p>\n<p class=\"p1\">\u2705 <b>Interaktyvios u\u017eduotys<\/b>\u2013 suteikian\u010dios papildomos praktikos per garso \u012fra\u0161us.<\/p>\n<p class=\"p1\">\ud83d\udcda <span class=\"s1\"><b>Lygis:<\/b><\/span> A1-A2 (Pradedantysis)<\/p>\n<p class=\"p1\">\n","protected":false},"excerpt":{"rendered":"<p class=\"p1\"><i>English File Elementary Student\u2019s Book<\/i> (4-asis leidimas) \u2013 tai dinami\u0161ka ir \u012ftraukianti mokomoji knyga, skirta pradedantiesiems angl\u0173 kalbos mokiniams. Joje rasite puik\u0173 gramatikos, \u017eodyno, tarimo ir realaus bendravimo praktikas.<\/p>\n<p class=\"p1\">\u2705 <span class=\"s1\"><b>\u012edomus turinys<\/b><\/span> \u2013 aktualios temos, smagios u\u017eduotys ir tikro gyvenimo dialogai.<\/p>\n<p class=\"p1\">\u2705 <span class=\"s1\"><b>Ai\u0161ki strukt\u016bra<\/b><\/span> \u2013 lengvai suprantamos pamokos su nuoseklia metodika.<\/p>\n<p class=\"p1\">\u2705 <span class=\"s1\"><b>Tarimo tobulinimas<\/b><\/span> \u2013 praktin\u0117s u\u017eduotys geresniam tarimui.<\/p>\n<p class=\"p1\">\u2705 <span class=\"s1\"><b>Interaktyvios veiklos<\/b><\/span> \u2013 klausymo, kalb\u0117jimo, skaitymo ir ra\u0161ymo u\u017eduotys.<\/p>\n<p class=\"p1\">\u2705 <b>Interaktyvios u\u017eduotys<\/b>\u2013 suteikian\u010dios papildomos praktikos per garso \u012fra\u0161us.<\/p>\n<p class=\"p1\">\ud83d\udcda <span class=\"s1\"><b>Lygis:<\/b><\/span> A1-A2 (Pradedantysis)<\/p>\n","protected":false},"featured_media":1251,"comment_status":"open","ping_status":"closed","template":"","meta":[],"product_brand":[],"product_cat":[31],"product_tag":[],"class_list":{"0":"post-1250","1":"product","2":"type-product","3":"status-publish","4":"has-post-thumbnail","6":"product_cat-uncategorized","8":"first","9":"instock","10":"downloadable","11":"virtual","12":"purchasable","13":"product-type-simple"},"_links":{"self":[{"href":"https:\/\/mystudysmart.lt\/en\/wp-json\/wp\/v2\/product\/1250","targetHints":{"allow":["GET"]}}],"collection":[{"href":"https:\/\/mystudysmart.lt\/en\/wp-json\/wp\/v2\/product"}],"about":[{"href":"https:\/\/mystudysmart.lt\/en\/wp-json\/wp\/v2\/types\/product"}],"replies":[{"embeddable":true,"href":"https:\/\/mystudysmart.lt\/en\/wp-json\/wp\/v2\/comments?post=1250"}],"wp:featuredmedia":[{"embeddable":true,"href":"https:\/\/mystudysmart.lt\/en\/wp-json\/wp\/v2\/media\/1251"}],"wp:attachment":[{"href":"https:\/\/mystudysmart.lt\/en\/wp-json\/wp\/v2\/media?parent=1250"}],"wp:term":[{"taxonomy":"product_brand","embeddable":true,"href":"https:\/\/mystudysmart.lt\/en\/wp-json\/wp\/v2\/product_brand?post=1250"},{"taxonomy":"product_cat","embeddable":true,"href":"https:\/\/mystudysmart.lt\/en\/wp-json\/wp\/v2\/product_cat?post=1250"},{"taxonomy":"product_tag","embeddable":true,"href":"https:\/\/mystudysmart.lt\/en\/wp-json\/wp\/v2\/product_tag?post=1250"}],"curies":[{"name":"wp","href":"https:\/\/api.w.org\/{rel}","templated":true}]}}