{"id":1245,"date":"2025-02-17T14:08:50","date_gmt":"2025-02-17T14:08:50","guid":{"rendered":"https:\/\/mystudysmart.lt?post_type=product&#038;p=1245"},"modified":"2025-06-05T15:08:15","modified_gmt":"2025-06-05T15:08:15","slug":"verslo-anglu-kalbos-knyga-savarankiskam-mokymuisi-vidutinio-lygio-mokiniams","status":"publish","type":"product","link":"https:\/\/mystudysmart.lt\/en\/produktas\/verslo-anglu-kalbos-knyga-savarankiskam-mokymuisi-vidutinio-lygio-mokiniams\/","title":{"rendered":"Verslo angl\u0173 kalbos knyga vidutiniam lygiui (B1-B2)"},"content":{"rendered":"<p class=\"p1\">Norite <b>pakelti savo verslo angl\u0173 kalbos \u012fg\u016bd\u017eius \u012f auk\u0161tesn\u012f lyg\u012f<\/b>? <b>\u201eEnglish for Everyone: Business English Practice Book Level 2\u201c<\/b> yra skirta <b>B1\u2013B2 lygio<\/b> mokiniams, kurie siekia tobulinti savo profesin\u0119 komunikacij\u0105. Knygoje rasite <b>realias verslo situacijas, naudingus pratimus ir svarbiausi\u0105 \u017eodyn\u0105<\/b>, pad\u0117siant\u012f jaustis u\u017etikrintai darbo aplinkoje.<\/p>\n<p class=\"p1\">\ud83d\udd39 <b>Kod\u0117l verta rinktis \u0161i\u0105 knyg\u0105?<\/b><b><\/b><\/p>\n<p class=\"p1\">\u2714\ufe0f <b>Puikiai tinka vidutinio lygio mokiniams (B1\u2013B2 lygis)<\/b> \u2013 Gilinkite savo \u017einias<\/p>\n<p class=\"p1\">\u2714\ufe0f <b>Svarbiausios verslo temos<\/b> \u2013 Derybos, pristatymai, ry\u0161i\u0173 u\u017emezgimas ir kt.<\/p>\n<p class=\"p1\">\u2714\ufe0f <b>Praktiniai pratimai<\/b> \u2013 Stiprinkite gramatik\u0105, \u017eodyn\u0105 ir profesin\u012f ra\u0161ym\u0105<\/p>\n<p class=\"p1\">\u2714\ufe0f <b>Vizualinis mokymosi metodas<\/b> \u2013 Ai\u0161k\u016bs paai\u0161kinimai su naudingomis iliustracijomis<\/p>\n<p class=\"p1\">\u2714\ufe0f <b>Puikiai tinka savaranki\u0161kam mokymuisi arba mokymuisi klas\u0117je<\/b><b><\/b><\/p>\n<p class=\"p1\">\u00a0Nesvarbu, ar jums reikia angl\u0173 kalbos <b>susitikimams, el. lai\u0161kams, verslo kelion\u0117ms ar karjeros augimui<\/b>, \u0161i knyga pad\u0117s skamb\u0117ti <b>profesionaliau ir u\u017etikrin\u010diau!<\/b><b><\/b><\/p>\n<p class=\"p1\"><b>\u012esigykite dabar ir patobulinkite savo verslo angl\u0173 kalbos \u012fg\u016bd\u017eius!<\/b><\/p>\n","protected":false},"excerpt":{"rendered":"<p class=\"p1\">Norite <b>pakelti savo verslo angl\u0173 kalbos \u012fg\u016bd\u017eius \u012f auk\u0161tesn\u012f lyg\u012f<\/b>? <b>\u201eEnglish for Everyone: Business English Practice Book Level 2\u201c<\/b> yra skirta <b>B1\u2013B2 lygio<\/b> mokiniams, kurie siekia tobulinti savo profesin\u0119 komunikacij\u0105. Knygoje rasite <b>realias verslo situacijas, naudingus pratimus ir svarbiausi\u0105 \u017eodyn\u0105<\/b>, pad\u0117siant\u012f jaustis u\u017etikrintai darbo aplinkoje.<\/p>\n<p class=\"p1\">\ud83d\udd39 <b>Kod\u0117l verta rinktis \u0161i\u0105 knyg\u0105?<\/b><b><\/b><\/p>\n<p class=\"p1\">\u2714\ufe0f <b>Puikiai tinka vidutinio lygio mokiniams (B1\u2013B2 lygis)<\/b> \u2013 Gilinkite savo \u017einias<\/p>\n<p class=\"p1\">\u2714\ufe0f <b>Svarbiausios verslo temos<\/b> \u2013 Derybos, pristatymai, ry\u0161i\u0173 u\u017emezgimas ir kt.<\/p>\n<p class=\"p1\">\u2714\ufe0f <b>Praktiniai pratimai<\/b> \u2013 Stiprinkite gramatik\u0105, \u017eodyn\u0105 ir profesin\u012f ra\u0161ym\u0105<\/p>\n<p class=\"p1\">\u2714\ufe0f <b>Vizualinis mokymosi metodas<\/b> \u2013 Ai\u0161k\u016bs paai\u0161kinimai su naudingomis iliustracijomis<\/p>\n<p class=\"p1\">\u2714\ufe0f <b>Puikiai tinka savaranki\u0161kam mokymuisi arba mokymuisi klas\u0117je<\/b><b><\/b><\/p>\n<p class=\"p1\">\u00a0Nesvarbu, ar jums reikia angl\u0173 kalbos <b>susitikimams, el. lai\u0161kams, verslo kelion\u0117ms ar karjeros augimui<\/b>, \u0161i knyga pad\u0117s skamb\u0117ti <b>profesionaliau ir u\u017etikrin\u010diau!<\/b><b><\/b><\/p>\n<p class=\"p1\"><b>\u012esigykite dabar ir patobulinkite savo verslo angl\u0173 kalbos \u012fg\u016bd\u017eius!<\/b><\/p>\n","protected":false},"featured_media":1227,"comment_status":"open","ping_status":"closed","template":"","meta":[],"product_brand":[],"product_cat":[31],"product_tag":[],"class_list":{"0":"post-1245","1":"product","2":"type-product","3":"status-publish","4":"has-post-thumbnail","6":"product_cat-uncategorized","8":"first","9":"instock","10":"downloadable","11":"shipping-taxable","12":"purchasable","13":"product-type-simple"},"_links":{"self":[{"href":"https:\/\/mystudysmart.lt\/en\/wp-json\/wp\/v2\/product\/1245","targetHints":{"allow":["GET"]}}],"collection":[{"href":"https:\/\/mystudysmart.lt\/en\/wp-json\/wp\/v2\/product"}],"about":[{"href":"https:\/\/mystudysmart.lt\/en\/wp-json\/wp\/v2\/types\/product"}],"replies":[{"embeddable":true,"href":"https:\/\/mystudysmart.lt\/en\/wp-json\/wp\/v2\/comments?post=1245"}],"wp:featuredmedia":[{"embeddable":true,"href":"https:\/\/mystudysmart.lt\/en\/wp-json\/wp\/v2\/media\/1227"}],"wp:attachment":[{"href":"https:\/\/mystudysmart.lt\/en\/wp-json\/wp\/v2\/media?parent=1245"}],"wp:term":[{"taxonomy":"product_brand","embeddable":true,"href":"https:\/\/mystudysmart.lt\/en\/wp-json\/wp\/v2\/product_brand?post=1245"},{"taxonomy":"product_cat","embeddable":true,"href":"https:\/\/mystudysmart.lt\/en\/wp-json\/wp\/v2\/product_cat?post=1245"},{"taxonomy":"product_tag","embeddable":true,"href":"https:\/\/mystudysmart.lt\/en\/wp-json\/wp\/v2\/product_tag?post=1245"}],"curies":[{"name":"wp","href":"https:\/\/api.w.org\/{rel}","templated":true}]}}