{"id":1244,"date":"2025-02-17T14:00:57","date_gmt":"2025-02-17T14:00:57","guid":{"rendered":"https:\/\/mystudysmart.lt?post_type=product&#038;p=1244"},"modified":"2025-06-05T15:08:48","modified_gmt":"2025-06-05T15:08:48","slug":"verslo-anglu-kalbos-praktikos-knyga-pradedanciajam-lygiui","status":"publish","type":"product","link":"https:\/\/mystudysmart.lt\/en\/produktas\/verslo-anglu-kalbos-praktikos-knyga-pradedanciajam-lygiui\/","title":{"rendered":"Verslo angl\u0173 kalbos praktikos knyga pradedan\u010diajam (A1-A2) lygiui"},"content":{"rendered":"<p class=\"p1\">Norite <b>patobulinti savo angl\u0173 kalbos \u012fg\u016bd\u017eius darbo aplinkoje<\/b>? <b>\u201eEnglish for Everyone: Business English Practice Book Level 1\u201c<\/b> \u2013 tai puikus vadov\u0117lis pradedantiesiems, kurie siekia i\u0161mokti svarbiausius verslo komunikacijos pagrindus. Knygoje rasite <b>ai\u0161kius paai\u0161kinimus, praktinius pratimus ir realaus gyvenimo situacijas<\/b>, kurios pad\u0117s jaustis u\u017etikrin\u010diau profesin\u0117je aplinkoje.<\/p>\n<p class=\"p1\">\ud83d\udd39 <b>Kod\u0117l verta rinktis \u0161i\u0105 knyg\u0105?<\/b><b><\/b><\/p>\n<p class=\"p1\">\u2714\ufe0f <b>Skirta pradedantiesiems (A1\u2013A2 lygis)<\/b> \u2013 Mokykit\u0117s \u017eingsnis po \u017eingsnio<\/p>\n<p class=\"p1\">\u2714\ufe0f <b>Svarbiausios verslo temos<\/b> \u2013 El. lai\u0161kai, susitikimai, pokalbiai telefonu ir kt.<\/p>\n<p class=\"p1\">\u2714\ufe0f <b>Interaktyv\u016bs pratimai<\/b> \u2013 Lavinkite \u017eodyn\u0105 ir gramatik\u0105 tikrose situacijose<\/p>\n<p class=\"p1\">\u2714\ufe0f <b>Vizualinis mokymosi metodas<\/b> \u2013 Lengvai suprantami iliustruoti pavyzd\u017eiai<\/p>\n<p class=\"p1\">\u2714\ufe0f <b>Puikiai tinka savaranki\u0161kam mokymuisi arba mokymuisi klas\u0117je<\/b><b><\/b><\/p>\n<p class=\"p1\">Nesvarbu, ar mokot\u0117s angl\u0173 kalbos <b>darbo tikslams, darbo pokalbiams ar verslo komunikacijai<\/b>, \u0161i knyga pad\u0117s sukurti tvirt\u0105 pagrind\u0105 ir <b>sustiprinti pasitik\u0117jim\u0105 savimi!<\/b><b><\/b><\/p>\n<p class=\"p1\"><b>\u012esigykite dabar ir kelkite savo verslo angl\u0173 kalbos \u012fg\u016bd\u017eius \u012f auk\u0161tesn\u012f lyg\u012f!<\/b><\/p>\n","protected":false},"excerpt":{"rendered":"<p class=\"p1\">Norite <b>patobulinti savo angl\u0173 kalbos \u012fg\u016bd\u017eius darbo aplinkoje<\/b>? <b>\u201eEnglish for Everyone: Business English Practice Book Level 1\u201c<\/b> \u2013 tai puikus vadov\u0117lis pradedantiesiems, kurie siekia i\u0161mokti svarbiausius verslo komunikacijos pagrindus. Knygoje rasite <b>ai\u0161kius paai\u0161kinimus, praktinius pratimus ir realaus gyvenimo situacijas<\/b>, kurios pad\u0117s jaustis u\u017etikrin\u010diau profesin\u0117je aplinkoje.<\/p>\n<p class=\"p1\">\ud83d\udd39 <b>Kod\u0117l verta rinktis \u0161i\u0105 knyg\u0105?<\/b><b><\/b><\/p>\n<p class=\"p1\">\u2714\ufe0f <b>Skirta pradedantiesiems (A1\u2013A2 lygis)<\/b> \u2013 Mokykit\u0117s \u017eingsnis po \u017eingsnio<\/p>\n<p class=\"p1\">\u2714\ufe0f <b>Svarbiausios verslo temos<\/b> \u2013 El. lai\u0161kai, susitikimai, pokalbiai telefonu ir kt.<\/p>\n<p class=\"p1\">\u2714\ufe0f <b>Interaktyv\u016bs pratimai<\/b> \u2013 Lavinkite \u017eodyn\u0105 ir gramatik\u0105 tikrose situacijose<\/p>\n<p class=\"p1\">\u2714\ufe0f <b>Vizualinis mokymosi metodas<\/b> \u2013 Lengvai suprantami iliustruoti pavyzd\u017eiai<\/p>\n<p class=\"p1\">\u2714\ufe0f <b>Puikiai tinka savaranki\u0161kam mokymuisi arba mokymuisi klas\u0117je<\/b><b><\/b><\/p>\n<p class=\"p1\">Nesvarbu, ar mokot\u0117s angl\u0173 kalbos <b>darbo tikslams, darbo pokalbiams ar verslo komunikacijai<\/b>, \u0161i knyga pad\u0117s sukurti tvirt\u0105 pagrind\u0105 ir <b>sustiprinti pasitik\u0117jim\u0105 savimi!<\/b><b><\/b><\/p>\n<p class=\"p1\"><b>\u012esigykite dabar ir kelkite savo verslo angl\u0173 kalbos \u012fg\u016bd\u017eius \u012f auk\u0161tesn\u012f lyg\u012f!<\/b><\/p>\n","protected":false},"featured_media":1229,"comment_status":"open","ping_status":"closed","template":"","meta":[],"product_brand":[],"product_cat":[31],"product_tag":[],"class_list":{"0":"post-1244","1":"product","2":"type-product","3":"status-publish","4":"has-post-thumbnail","6":"product_cat-uncategorized","8":"first","9":"instock","10":"downloadable","11":"shipping-taxable","12":"purchasable","13":"product-type-simple"},"_links":{"self":[{"href":"https:\/\/mystudysmart.lt\/en\/wp-json\/wp\/v2\/product\/1244","targetHints":{"allow":["GET"]}}],"collection":[{"href":"https:\/\/mystudysmart.lt\/en\/wp-json\/wp\/v2\/product"}],"about":[{"href":"https:\/\/mystudysmart.lt\/en\/wp-json\/wp\/v2\/types\/product"}],"replies":[{"embeddable":true,"href":"https:\/\/mystudysmart.lt\/en\/wp-json\/wp\/v2\/comments?post=1244"}],"wp:featuredmedia":[{"embeddable":true,"href":"https:\/\/mystudysmart.lt\/en\/wp-json\/wp\/v2\/media\/1229"}],"wp:attachment":[{"href":"https:\/\/mystudysmart.lt\/en\/wp-json\/wp\/v2\/media?parent=1244"}],"wp:term":[{"taxonomy":"product_brand","embeddable":true,"href":"https:\/\/mystudysmart.lt\/en\/wp-json\/wp\/v2\/product_brand?post=1244"},{"taxonomy":"product_cat","embeddable":true,"href":"https:\/\/mystudysmart.lt\/en\/wp-json\/wp\/v2\/product_cat?post=1244"},{"taxonomy":"product_tag","embeddable":true,"href":"https:\/\/mystudysmart.lt\/en\/wp-json\/wp\/v2\/product_tag?post=1244"}],"curies":[{"name":"wp","href":"https:\/\/api.w.org\/{rel}","templated":true}]}}