{"id":1240,"date":"2025-02-13T22:13:56","date_gmt":"2025-02-13T22:13:56","guid":{"rendered":"https:\/\/mystudysmart.lt?post_type=product&#038;p=1240"},"modified":"2025-06-05T15:09:15","modified_gmt":"2025-06-05T15:09:15","slug":"gramatikos-lavinimo-knyga-pradedanciajam-lygiui","status":"publish","type":"product","link":"https:\/\/mystudysmart.lt\/en\/produktas\/gramatikos-lavinimo-knyga-pradedanciajam-lygiui\/","title":{"rendered":"Gramatikos lavinimo knyga pradedan\u010diam (A1-B1) lygiui"},"content":{"rendered":"<p class=\"p1\">Pradedate mokytis angl\u0173 kalbos ir norite <b>tvirt\u0173 gramatikos pagrind\u0173<\/b>? <b>Raymondo Murphy \u201eEnglish Grammar in Use\u201c (Essential)<\/b> yra tobulas pasirinkimas <b>pradedantiesiems ir A1\u2013A2 lygio mokiniams<\/b>, kurie nori suprasti ir teisingai vartoti pagrindines angl\u0173 kalbos gramatikos taisykles.<\/p>\n<p class=\"p1\">\ud83d\udd39 <b>Kod\u0117l verta rinktis \u0161i\u0105 knyg\u0105?<\/b><b><\/b><\/p>\n<p class=\"p1\">\u2714\ufe0f <b>Ai\u0161k\u016bs ir paprasti paai\u0161kinimai<\/b> be sud\u0117ting\u0173 termin\u0173<\/p>\n<p class=\"p1\">\u2714\ufe0f <b>Daug praktini\u0173 pratim\u0173<\/b>, kad i\u0161moktos taisykl\u0117s \u012fsitvirtint\u0173<\/p>\n<p class=\"p1\">\u2714\ufe0f <b>Skirta pradedantiesiems<\/b>, kurie nori stipraus gramatikos pagrindo<\/p>\n<p class=\"p1\">\u2714\ufe0f <b>Puikiai tinka tiek savaranki\u0161kam mokymuisi, tiek mokymui klas\u0117je<\/b><b><\/b><\/p>\n<p class=\"p1\">\u2714\ufe0f <b>Milijon\u0173 mokini\u0173 ir mokytoj\u0173 visame pasaulyje patikrinta metodika<\/b><b><\/b><\/p>\n<p class=\"p1\">Jei norite lengvai suprasti angl\u0173 kalbos gramatik\u0105 ir prad\u0117ti kalb\u0117ti taisyklingai, \u0161i knyga \u2013 <b>geriausias pasirinkimas j\u016bs\u0173 mokymosi prad\u017eiai!<\/b><b><\/b><\/p>\n<p class=\"p1\"><b>\u012esigykite dabar ir \u017eenkite pirm\u0105 \u017eingsn\u012f \u012f s\u0117kming\u0105 angl\u0173 kalbos mokym\u0105si!<\/b><\/p>\n","protected":false},"excerpt":{"rendered":"<p class=\"p1\">Pradedate mokytis angl\u0173 kalbos ir norite <b>tvirt\u0173 gramatikos pagrind\u0173<\/b>? <b>Raymondo Murphy \u201eEnglish Grammar in Use\u201c (Essential)<\/b> yra tobulas pasirinkimas <b>pradedantiesiems ir A1\u2013A2 lygio mokiniams<\/b>, kurie nori suprasti ir teisingai vartoti pagrindines angl\u0173 kalbos gramatikos taisykles.<\/p>\n<p class=\"p1\">\ud83d\udd39 <b>Kod\u0117l verta rinktis \u0161i\u0105 knyg\u0105?<\/b><b><\/b><\/p>\n<p class=\"p1\">\u2714\ufe0f <b>Ai\u0161k\u016bs ir paprasti paai\u0161kinimai<\/b> be sud\u0117ting\u0173 termin\u0173<\/p>\n<p class=\"p1\">\u2714\ufe0f <b>Daug praktini\u0173 pratim\u0173<\/b>, kad i\u0161moktos taisykl\u0117s \u012fsitvirtint\u0173<\/p>\n<p class=\"p1\">\u2714\ufe0f <b>Skirta pradedantiesiems<\/b>, kurie nori stipraus gramatikos pagrindo<\/p>\n<p class=\"p1\">\u2714\ufe0f <b>Puikiai tinka tiek savaranki\u0161kam mokymuisi, tiek mokymui klas\u0117je<\/b><b><\/b><\/p>\n<p class=\"p1\">\u2714\ufe0f <b>Milijon\u0173 mokini\u0173 ir mokytoj\u0173 visame pasaulyje patikrinta metodika<\/b><b><\/b><\/p>\n<p class=\"p1\">Jei norite lengvai suprasti angl\u0173 kalbos gramatik\u0105 ir prad\u0117ti kalb\u0117ti taisyklingai, \u0161i knyga \u2013 <b>geriausias pasirinkimas j\u016bs\u0173 mokymosi prad\u017eiai!<\/b><b><\/b><\/p>\n<p class=\"p1\"><b>\u012esigykite dabar ir \u017eenkite pirm\u0105 \u017eingsn\u012f \u012f s\u0117kming\u0105 angl\u0173 kalbos mokym\u0105si!<\/b><\/p>\n","protected":false},"featured_media":1219,"comment_status":"open","ping_status":"closed","template":"","meta":[],"product_brand":[],"product_cat":[31],"product_tag":[],"class_list":{"0":"post-1240","1":"product","2":"type-product","3":"status-publish","4":"has-post-thumbnail","6":"product_cat-uncategorized","8":"first","9":"instock","10":"shipping-taxable","11":"purchasable","12":"product-type-simple"},"_links":{"self":[{"href":"https:\/\/mystudysmart.lt\/en\/wp-json\/wp\/v2\/product\/1240","targetHints":{"allow":["GET"]}}],"collection":[{"href":"https:\/\/mystudysmart.lt\/en\/wp-json\/wp\/v2\/product"}],"about":[{"href":"https:\/\/mystudysmart.lt\/en\/wp-json\/wp\/v2\/types\/product"}],"replies":[{"embeddable":true,"href":"https:\/\/mystudysmart.lt\/en\/wp-json\/wp\/v2\/comments?post=1240"}],"wp:featuredmedia":[{"embeddable":true,"href":"https:\/\/mystudysmart.lt\/en\/wp-json\/wp\/v2\/media\/1219"}],"wp:attachment":[{"href":"https:\/\/mystudysmart.lt\/en\/wp-json\/wp\/v2\/media?parent=1240"}],"wp:term":[{"taxonomy":"product_brand","embeddable":true,"href":"https:\/\/mystudysmart.lt\/en\/wp-json\/wp\/v2\/product_brand?post=1240"},{"taxonomy":"product_cat","embeddable":true,"href":"https:\/\/mystudysmart.lt\/en\/wp-json\/wp\/v2\/product_cat?post=1240"},{"taxonomy":"product_tag","embeddable":true,"href":"https:\/\/mystudysmart.lt\/en\/wp-json\/wp\/v2\/product_tag?post=1240"}],"curies":[{"name":"wp","href":"https:\/\/api.w.org\/{rel}","templated":true}]}}