{"id":1239,"date":"2025-02-13T22:09:21","date_gmt":"2025-02-13T22:09:21","guid":{"rendered":"https:\/\/mystudysmart.lt?post_type=product&#038;p=1239"},"modified":"2025-06-05T15:09:33","modified_gmt":"2025-06-05T15:09:33","slug":"gramatikos-lavinimo-knyga-intermediate-lygiui","status":"publish","type":"product","link":"https:\/\/mystudysmart.lt\/en\/produktas\/gramatikos-lavinimo-knyga-intermediate-lygiui\/","title":{"rendered":"Gramatikos lavinimo knyga vidutiniam (B1-B2) lygiui"},"content":{"rendered":"<p class=\"p1\">Norite <b>patobulinti savo angl\u0173 kalbos gramatik\u0105<\/b> su perkamiausia savaranki\u0161ko mokymosi knyga pasaulyje? <b>Raymondo Murphy \u201eEnglish Grammar in Use\u201c (Intermediate)<\/b> yra puikus pasirinkimas mokiniams, kurie siekia <b>ai\u0161ki\u0173 paai\u0161kinim\u0173, praktini\u0173 pratim\u0173 ir reali\u0173 pavyzd\u017ei\u0173<\/b>, pad\u0117sian\u010di\u0173 \u012fvaldyti angl\u0173 kalbos gramatik\u0105.<\/p>\n<p class=\"p1\">\ud83d\udd39 <b>Kod\u0117l verta rinktis \u0161i\u0105 knyg\u0105?<\/b><b><\/b><\/p>\n<p class=\"p1\">\u2714\ufe0f <b>Lengvai suprantami paai\u0161kinimai<\/b> paprasta kalba<\/p>\n<p class=\"p1\">\u2714\ufe0f <b>\u0160imtai pratim\u0173<\/b>, padedan\u010di\u0173 \u012ftvirtinti \u017einias<\/p>\n<p class=\"p1\">\u2714\ufe0f <b>Apima visus svarbiausius gramatikos aspektus<\/b>, reikalingus vidutinio lygio mokiniams<\/p>\n<p class=\"p1\">\u2714\ufe0f <b>Puikiai tinka tiek savaranki\u0161kam mokymuisi, tiek mokymui klas\u0117je<\/b><b><\/b><\/p>\n<p class=\"p1\">\u2714\ufe0f <b>Milijon\u0173 mokini\u0173 ir mokytoj\u0173 visame pasaulyje patikrintas metodas<\/b><\/p>\n<p class=\"p1\"><b><\/b>\u00a0Nesvarbu, ar ruo\u0161iat\u0117s egzaminams, siekiate pagerinti ra\u0161ymo \u012fg\u016bd\u017eius, ar tiesiog norite sustiprinti savo angl\u0173 kalbos \u017einias \u2013 \u0161i knyga yra <b>b\u016btinas \u012frankis j\u016bs\u0173 mokymosi kelyje!<\/b><b><\/b><\/p>\n<p class=\"p1\"><b>\u012esigykite dabar ir pakelkite savo angl\u0173 kalbos \u017einias \u012f auk\u0161tesn\u012f lyg\u012f!<\/b><\/p>\n","protected":false},"excerpt":{"rendered":"<p class=\"p1\">Norite <b>patobulinti savo angl\u0173 kalbos gramatik\u0105<\/b> su perkamiausia savaranki\u0161ko mokymosi knyga pasaulyje? <b>Raymondo Murphy \u201eEnglish Grammar in Use\u201c (Intermediate)<\/b> yra puikus pasirinkimas mokiniams, kurie siekia <b>ai\u0161ki\u0173 paai\u0161kinim\u0173, praktini\u0173 pratim\u0173 ir reali\u0173 pavyzd\u017ei\u0173<\/b>, pad\u0117sian\u010di\u0173 \u012fvaldyti angl\u0173 kalbos gramatik\u0105.<\/p>\n<p class=\"p1\">\ud83d\udd39 <b>Kod\u0117l verta rinktis \u0161i\u0105 knyg\u0105?<\/b><b><\/b><\/p>\n<p class=\"p1\">\u2714\ufe0f <b>Lengvai suprantami paai\u0161kinimai<\/b> paprasta kalba<\/p>\n<p class=\"p1\">\u2714\ufe0f <b>\u0160imtai pratim\u0173<\/b>, padedan\u010di\u0173 \u012ftvirtinti \u017einias<\/p>\n<p class=\"p1\">\u2714\ufe0f <b>Apima visus svarbiausius gramatikos aspektus<\/b>, reikalingus vidutinio lygio mokiniams<\/p>\n<p class=\"p1\">\u2714\ufe0f <b>Puikiai tinka tiek savaranki\u0161kam mokymuisi, tiek mokymui klas\u0117je<\/b><b><\/b><\/p>\n<p class=\"p1\">\u2714\ufe0f <b>Milijon\u0173 mokini\u0173 ir mokytoj\u0173 visame pasaulyje patikrintas metodas<\/b><\/p>\n<p class=\"p1\"><b><\/b>\u00a0Nesvarbu, ar ruo\u0161iat\u0117s egzaminams, siekiate pagerinti ra\u0161ymo \u012fg\u016bd\u017eius, ar tiesiog norite sustiprinti savo angl\u0173 kalbos \u017einias \u2013 \u0161i knyga yra <b>b\u016btinas \u012frankis j\u016bs\u0173 mokymosi kelyje!<\/b><b><\/b><\/p>\n<p class=\"p1\"><b>\u012esigykite dabar ir pakelkite savo angl\u0173 kalbos \u017einias \u012f auk\u0161tesn\u012f lyg\u012f!<\/b><\/p>\n","protected":false},"featured_media":1225,"comment_status":"open","ping_status":"closed","template":"","meta":[],"product_brand":[],"product_cat":[31],"product_tag":[],"class_list":{"0":"post-1239","1":"product","2":"type-product","3":"status-publish","4":"has-post-thumbnail","6":"product_cat-uncategorized","8":"first","9":"instock","10":"shipping-taxable","11":"purchasable","12":"product-type-simple"},"_links":{"self":[{"href":"https:\/\/mystudysmart.lt\/en\/wp-json\/wp\/v2\/product\/1239","targetHints":{"allow":["GET"]}}],"collection":[{"href":"https:\/\/mystudysmart.lt\/en\/wp-json\/wp\/v2\/product"}],"about":[{"href":"https:\/\/mystudysmart.lt\/en\/wp-json\/wp\/v2\/types\/product"}],"replies":[{"embeddable":true,"href":"https:\/\/mystudysmart.lt\/en\/wp-json\/wp\/v2\/comments?post=1239"}],"wp:featuredmedia":[{"embeddable":true,"href":"https:\/\/mystudysmart.lt\/en\/wp-json\/wp\/v2\/media\/1225"}],"wp:attachment":[{"href":"https:\/\/mystudysmart.lt\/en\/wp-json\/wp\/v2\/media?parent=1239"}],"wp:term":[{"taxonomy":"product_brand","embeddable":true,"href":"https:\/\/mystudysmart.lt\/en\/wp-json\/wp\/v2\/product_brand?post=1239"},{"taxonomy":"product_cat","embeddable":true,"href":"https:\/\/mystudysmart.lt\/en\/wp-json\/wp\/v2\/product_cat?post=1239"},{"taxonomy":"product_tag","embeddable":true,"href":"https:\/\/mystudysmart.lt\/en\/wp-json\/wp\/v2\/product_tag?post=1239"}],"curies":[{"name":"wp","href":"https:\/\/api.w.org\/{rel}","templated":true}]}}