{"id":1238,"date":"2025-02-13T21:53:48","date_gmt":"2025-02-13T21:53:48","guid":{"rendered":"https:\/\/mystudysmart.lt?post_type=product&#038;p=1238"},"modified":"2025-06-05T15:10:05","modified_gmt":"2025-06-05T15:10:05","slug":"zodyno-lavinimo-knyga-advanced-lygiui","status":"publish","type":"product","link":"https:\/\/mystudysmart.lt\/en\/produktas\/zodyno-lavinimo-knyga-advanced-lygiui\/","title":{"rendered":"\u017dodyno lavinimo knyga pa\u017eengusiam (B2-C1) lygiui"},"content":{"rendered":"<p class=\"p1\">Pasiek\u0117te auk\u0161tesn\u012f angl\u0173 kalbos lyg\u012f ir norite dar <b>tikslesnio bei nat\u016bralesnio \u017eodyno<\/b>? <b>\u201eOxford Word Skills \u2013 Advanced\u201c<\/b> yra puiki knyga, padedanti tobulinti <b>\u017eodyn\u0105, vartosen\u0105 ir kalb\u0117jimo \u012fg\u016bd\u017eius<\/b> auk\u0161tesnio lygio mokiniams (B2\u2013C1).<\/p>\n<p class=\"p1\">\ud83d\udd39 <b>Kod\u0117l verta rinktis \u0161i\u0105 knyg\u0105?<\/b><b><\/b><\/p>\n<p class=\"p1\">\u2714\ufe0f <b>Pa\u017eang\u016bs \u017eod\u017eiai ir fraz\u0117s<\/b>, reikalingi akademiniam ir profesiniam bendravimui<\/p>\n<p class=\"p1\">\u2714\ufe0f <b>Ai\u0161k\u016bs kontekstiniai paai\u0161kinimai<\/b>, padedantys suprasti \u017eod\u017ei\u0173 reik\u0161mes ir vartosen\u0105<\/p>\n<p class=\"p1\">\u2714\ufe0f <b>Temos i\u0161 realaus gyvenimo<\/b>, \u012fskaitant idiomas, sinonimus ir nat\u016brali\u0105 kalb\u0105<\/p>\n<p class=\"p1\">\u2714\ufe0f <b>Interaktyv\u016bs pratimai<\/b>, skatinantys aktyv\u0173 mokym\u0105si ir \u017eod\u017ei\u0173 \u012fsisavinim\u0105<\/p>\n<p class=\"p1\">\u2714\ufe0f <b>Puikus \u012frankis savaranki\u0161kam mokymuisi arba naudojimui klas\u0117je<\/b><b><\/b><\/p>\n<p class=\"p1\">Jei siekiate auk\u0161tesnio lygio angl\u0173 kalbos \u012fg\u016bd\u017ei\u0173 ir norite skland\u017eiai vartoti pa\u017eang\u0173 \u017eodyn\u0105 tiek <b>ra\u0161tu, tiek kalbant<\/b>, \u0161i knyga yra <b>idealus pasirinkimas!<\/b><b><\/b><\/p>\n<p class=\"p1\"><b>\u012esigykite dabar ir prapl\u0117skite savo angl\u0173 kalbos galimybes!<\/b><\/p>\n","protected":false},"excerpt":{"rendered":"<p class=\"p1\">Pasiek\u0117te auk\u0161tesn\u012f angl\u0173 kalbos lyg\u012f ir norite dar <b>tikslesnio bei nat\u016bralesnio \u017eodyno<\/b>? <b>\u201eOxford Word Skills \u2013 Advanced\u201c<\/b> yra puiki knyga, padedanti tobulinti <b>\u017eodyn\u0105, vartosen\u0105 ir kalb\u0117jimo \u012fg\u016bd\u017eius<\/b> auk\u0161tesnio lygio mokiniams (B2\u2013C1).<\/p>\n<p class=\"p1\">\ud83d\udd39 <b>Kod\u0117l verta rinktis \u0161i\u0105 knyg\u0105?<\/b><b><\/b><\/p>\n<p class=\"p1\">\u2714\ufe0f <b>Pa\u017eang\u016bs \u017eod\u017eiai ir fraz\u0117s<\/b>, reikalingi akademiniam ir profesiniam bendravimui<\/p>\n<p class=\"p1\">\u2714\ufe0f <b>Ai\u0161k\u016bs kontekstiniai paai\u0161kinimai<\/b>, padedantys suprasti \u017eod\u017ei\u0173 reik\u0161mes ir vartosen\u0105<\/p>\n<p class=\"p1\">\u2714\ufe0f <b>Temos i\u0161 realaus gyvenimo<\/b>, \u012fskaitant idiomas, sinonimus ir nat\u016brali\u0105 kalb\u0105<\/p>\n<p class=\"p1\">\u2714\ufe0f <b>Interaktyv\u016bs pratimai<\/b>, skatinantys aktyv\u0173 mokym\u0105si ir \u017eod\u017ei\u0173 \u012fsisavinim\u0105<\/p>\n<p class=\"p1\">\u2714\ufe0f <b>Puikus \u012frankis savaranki\u0161kam mokymuisi arba naudojimui klas\u0117je<\/b><b><\/b><\/p>\n<p class=\"p1\">Jei siekiate auk\u0161tesnio lygio angl\u0173 kalbos \u012fg\u016bd\u017ei\u0173 ir norite skland\u017eiai vartoti pa\u017eang\u0173 \u017eodyn\u0105 tiek <b>ra\u0161tu, tiek kalbant<\/b>, \u0161i knyga yra <b>idealus pasirinkimas!<\/b><b><\/b><\/p>\n<p class=\"p1\"><b>\u012esigykite dabar ir prapl\u0117skite savo angl\u0173 kalbos galimybes!<\/b><\/p>\n","protected":false},"featured_media":1217,"comment_status":"open","ping_status":"closed","template":"","meta":[],"product_brand":[],"product_cat":[31],"product_tag":[],"class_list":{"0":"post-1238","1":"product","2":"type-product","3":"status-publish","4":"has-post-thumbnail","6":"product_cat-uncategorized","8":"first","9":"instock","10":"downloadable","11":"shipping-taxable","12":"purchasable","13":"product-type-simple"},"_links":{"self":[{"href":"https:\/\/mystudysmart.lt\/en\/wp-json\/wp\/v2\/product\/1238","targetHints":{"allow":["GET"]}}],"collection":[{"href":"https:\/\/mystudysmart.lt\/en\/wp-json\/wp\/v2\/product"}],"about":[{"href":"https:\/\/mystudysmart.lt\/en\/wp-json\/wp\/v2\/types\/product"}],"replies":[{"embeddable":true,"href":"https:\/\/mystudysmart.lt\/en\/wp-json\/wp\/v2\/comments?post=1238"}],"wp:featuredmedia":[{"embeddable":true,"href":"https:\/\/mystudysmart.lt\/en\/wp-json\/wp\/v2\/media\/1217"}],"wp:attachment":[{"href":"https:\/\/mystudysmart.lt\/en\/wp-json\/wp\/v2\/media?parent=1238"}],"wp:term":[{"taxonomy":"product_brand","embeddable":true,"href":"https:\/\/mystudysmart.lt\/en\/wp-json\/wp\/v2\/product_brand?post=1238"},{"taxonomy":"product_cat","embeddable":true,"href":"https:\/\/mystudysmart.lt\/en\/wp-json\/wp\/v2\/product_cat?post=1238"},{"taxonomy":"product_tag","embeddable":true,"href":"https:\/\/mystudysmart.lt\/en\/wp-json\/wp\/v2\/product_tag?post=1238"}],"curies":[{"name":"wp","href":"https:\/\/api.w.org\/{rel}","templated":true}]}}