{"id":1236,"date":"2025-02-13T21:45:43","date_gmt":"2025-02-13T21:45:43","guid":{"rendered":"https:\/\/mystudysmart.lt?post_type=product&#038;p=1236"},"modified":"2025-06-05T15:10:32","modified_gmt":"2025-06-05T15:10:32","slug":"zodyno-lavinimo-knyga-elementary-lygiui","status":"publish","type":"product","link":"https:\/\/mystudysmart.lt\/en\/produktas\/zodyno-lavinimo-knyga-elementary-lygiui\/","title":{"rendered":"\u017dodyno lavinimo knyga pradiniam (A1-A2) lygiui"},"content":{"rendered":"<p class=\"p1\">Norite i\u0161mokti <b>daugiau angl\u0173 kalbos \u017eod\u017ei\u0173<\/b> ir juos naudoti u\u017etikrintai? <b>\u201eOxford Word Skills\u201c<\/b> yra viena geriausi\u0173 knyg\u0173, padedan\u010di\u0173 pl\u0117sti \u017eodyn\u0105 ir lavinti <b>skaitymo, ra\u0161ymo bei kalb\u0117jimo \u012fg\u016bd\u017eius<\/b>.<\/p>\n<p class=\"p1\">\ud83d\udd39 <b>Kod\u0117l verta rinktis \u0161i\u0105 knyg\u0105?<\/b><b><\/b><\/p>\n<p class=\"p1\">\u2714\ufe0f <b>Trumpi ir ai\u0161k\u016bs paai\u0161kinimai<\/b> \u2013 lengva suprasti ir \u012fsiminti naujus \u017eod\u017eius<\/p>\n<p class=\"p1\">\u2714\ufe0f <b>Daug praktikos u\u017eduo\u010di\u0173<\/b> \u2013 i\u0161mokti \u017eod\u017eiai panaudojami kontekste<\/p>\n<p class=\"p1\">\u2714\ufe0f <b>100 skirting\u0173 tem\u0173<\/b>, pritaikyt\u0173 kasdieniams pokalbiams ir situacijoms<\/p>\n<p class=\"p1\">\u2714\ufe0f <b>Tinka tiek savaranki\u0161kam mokymuisi, tiek mokymui klas\u0117je<\/b><b><\/b><\/p>\n<p class=\"p1\">\u2714\ufe0f <b>Galimyb\u0117 mokytis su \u201eOxford Advanced Learner\u2019s Dictionary\u201c program\u0117le<\/b><b><\/b><\/p>\n<p class=\"p1\">\u00a0\u0160i knyga yra puikus pasirinkimas visiems, kurie nori ne tik i\u0161mokti naujus \u017eod\u017eius, bet ir <b>i\u0161 tikr\u0173j\u0173 juos vartoti bendraujant angl\u0173 kalba!<\/b><b><\/b><\/p>\n<p class=\"p1\"><b>\u012esigykite dabar ir prapl\u0117skite savo angl\u0173 kalbos \u017einias!<\/b><\/p>\n","protected":false},"excerpt":{"rendered":"<p class=\"p1\">Norite i\u0161mokti <b>daugiau angl\u0173 kalbos \u017eod\u017ei\u0173<\/b> ir juos naudoti u\u017etikrintai? <b>\u201eOxford Word Skills\u201c<\/b> yra viena geriausi\u0173 knyg\u0173, padedan\u010di\u0173 pl\u0117sti \u017eodyn\u0105 ir lavinti <b>skaitymo, ra\u0161ymo bei kalb\u0117jimo \u012fg\u016bd\u017eius<\/b>.<\/p>\n<p class=\"p1\">\ud83d\udd39 <b>Kod\u0117l verta rinktis \u0161i\u0105 knyg\u0105?<\/b><b><\/b><\/p>\n<p class=\"p1\">\u2714\ufe0f <b>Trumpi ir ai\u0161k\u016bs paai\u0161kinimai<\/b> \u2013 lengva suprasti ir \u012fsiminti naujus \u017eod\u017eius<\/p>\n<p class=\"p1\">\u2714\ufe0f <b>Daug praktikos u\u017eduo\u010di\u0173<\/b> \u2013 i\u0161mokti \u017eod\u017eiai panaudojami kontekste<\/p>\n<p class=\"p1\">\u2714\ufe0f <b>100 skirting\u0173 tem\u0173<\/b>, pritaikyt\u0173 kasdieniams pokalbiams ir situacijoms<\/p>\n<p class=\"p1\">\u2714\ufe0f <b>Tinka tiek savaranki\u0161kam mokymuisi, tiek mokymui klas\u0117je<\/b><b><\/b><\/p>\n<p class=\"p1\">\u2714\ufe0f <b>Galimyb\u0117 mokytis su \u201eOxford Advanced Learner\u2019s Dictionary\u201c program\u0117le<\/b><b><\/b><\/p>\n<p class=\"p1\">\u00a0\u0160i knyga yra puikus pasirinkimas visiems, kurie nori ne tik i\u0161mokti naujus \u017eod\u017eius, bet ir <b>i\u0161 tikr\u0173j\u0173 juos vartoti bendraujant angl\u0173 kalba!<\/b><b><\/b><\/p>\n<p class=\"p1\"><b>\u012esigykite dabar ir prapl\u0117skite savo angl\u0173 kalbos \u017einias!<\/b><\/p>\n","protected":false},"featured_media":1223,"comment_status":"open","ping_status":"closed","template":"","meta":[],"product_brand":[],"product_cat":[31],"product_tag":[],"class_list":{"0":"post-1236","1":"product","2":"type-product","3":"status-publish","4":"has-post-thumbnail","6":"product_cat-uncategorized","8":"first","9":"instock","10":"shipping-taxable","11":"purchasable","12":"product-type-simple"},"_links":{"self":[{"href":"https:\/\/mystudysmart.lt\/en\/wp-json\/wp\/v2\/product\/1236","targetHints":{"allow":["GET"]}}],"collection":[{"href":"https:\/\/mystudysmart.lt\/en\/wp-json\/wp\/v2\/product"}],"about":[{"href":"https:\/\/mystudysmart.lt\/en\/wp-json\/wp\/v2\/types\/product"}],"replies":[{"embeddable":true,"href":"https:\/\/mystudysmart.lt\/en\/wp-json\/wp\/v2\/comments?post=1236"}],"wp:featuredmedia":[{"embeddable":true,"href":"https:\/\/mystudysmart.lt\/en\/wp-json\/wp\/v2\/media\/1223"}],"wp:attachment":[{"href":"https:\/\/mystudysmart.lt\/en\/wp-json\/wp\/v2\/media?parent=1236"}],"wp:term":[{"taxonomy":"product_brand","embeddable":true,"href":"https:\/\/mystudysmart.lt\/en\/wp-json\/wp\/v2\/product_brand?post=1236"},{"taxonomy":"product_cat","embeddable":true,"href":"https:\/\/mystudysmart.lt\/en\/wp-json\/wp\/v2\/product_cat?post=1236"},{"taxonomy":"product_tag","embeddable":true,"href":"https:\/\/mystudysmart.lt\/en\/wp-json\/wp\/v2\/product_tag?post=1236"}],"curies":[{"name":"wp","href":"https:\/\/api.w.org\/{rel}","templated":true}]}}