{"id":1232,"date":"2025-02-11T19:28:02","date_gmt":"2025-02-11T19:28:02","guid":{"rendered":"https:\/\/mystudysmart.lt?post_type=product&#038;p=1232"},"modified":"2025-06-05T15:10:48","modified_gmt":"2025-06-05T15:10:48","slug":"zodyno-lavinimo-knyga-intermediate-lygiui","status":"publish","type":"product","link":"https:\/\/mystudysmart.lt\/en\/produktas\/zodyno-lavinimo-knyga-intermediate-lygiui\/","title":{"rendered":"\u017dodyno lavinimo knyga vidutiniam (b1-b2) lygiui"},"content":{"rendered":"<p class=\"p1\">Norite skland\u017eiau kalb\u0117ti ir ra\u0161yti angl\u0173 kalba? <b>\u201eOxford Word Skills \u2013 Intermediate\u201c<\/b> yra puiki knyga, padedanti <b>i\u0161pl\u0117sti \u017eodyn\u0105, suprasti \u017eod\u017ei\u0173 vartosen\u0105 ir pritaikyti juos kasdien\u0117je kalboje<\/b>. \u0160is leidinys skirtas <b>B1\u2013B2 lygio<\/b> mokiniams, siekiantiems pagerinti savo kalb\u0117jimo \u012fg\u016bd\u017eius.<\/p>\n<p class=\"p1\">\ud83d\udd39 <b>Kod\u0117l verta rinktis \u0161i\u0105 knyg\u0105?<\/b><b><\/b><\/p>\n<p class=\"p1\">\u2714\ufe0f <b>Lengvai suprantami paai\u0161kinimai<\/b>, padedantys nat\u016braliai i\u0161mokti naujus \u017eod\u017eius<\/p>\n<p class=\"p1\">\u2714\ufe0f <b>Praktiniai pratimai<\/b>, kurie leid\u017eia greitai pritaikyti \u017einias<\/p>\n<p class=\"p1\">\u2714\ufe0f <b>100 \u012fvairi\u0173 tem\u0173<\/b>, susijusi\u0173 su kasdien\u0117mis situacijomis ir \u0161iuolaikiniu gyvenimu<\/p>\n<p class=\"p1\">\u2714\ufe0f <b>Puikiai tinka savaranki\u0161kam mokymuisi arba naudojimui klas\u0117je<\/b><b><\/b><\/p>\n<p class=\"p1\">\u2714\ufe0f <b>Galimyb\u0117 naudoti su \u201eOxford Advanced Learner\u2019s Dictionary\u201c program\u0117le<\/b><b><\/b><\/p>\n<p class=\"p1\">\u00a0Jei norite patobulinti savo \u017eodyn\u0105 ir jaustis <b>u\u017etikrintai bendraudami angl\u0173 kalba<\/b>, \u0161i knyga yra <b>tobulas pasirinkimas!<\/b><b><\/b><\/p>\n<p class=\"p1\"><b>\u012esigykite dabar ir kelkite savo angl\u0173 kalbos \u017einias \u012f auk\u0161tesn\u012f lyg\u012f!<\/b><\/p>\n","protected":false},"excerpt":{"rendered":"<p class=\"p1\">Norite skland\u017eiau kalb\u0117ti ir ra\u0161yti angl\u0173 kalba? <b>\u201eOxford Word Skills \u2013 Intermediate\u201c<\/b> yra puiki knyga, padedanti <b>i\u0161pl\u0117sti \u017eodyn\u0105, suprasti \u017eod\u017ei\u0173 vartosen\u0105 ir pritaikyti juos kasdien\u0117je kalboje<\/b>. \u0160is leidinys skirtas <b>B1\u2013B2 lygio<\/b> mokiniams, siekiantiems pagerinti savo kalb\u0117jimo \u012fg\u016bd\u017eius.<\/p>\n<p class=\"p1\">\ud83d\udd39 <b>Kod\u0117l verta rinktis \u0161i\u0105 knyg\u0105?<\/b><b><\/b><\/p>\n<p class=\"p1\">\u2714\ufe0f <b>Lengvai suprantami paai\u0161kinimai<\/b>, padedantys nat\u016braliai i\u0161mokti naujus \u017eod\u017eius<\/p>\n<p class=\"p1\">\u2714\ufe0f <b>Praktiniai pratimai<\/b>, kurie leid\u017eia greitai pritaikyti \u017einias<\/p>\n<p class=\"p1\">\u2714\ufe0f <b>100 \u012fvairi\u0173 tem\u0173<\/b>, susijusi\u0173 su kasdien\u0117mis situacijomis ir \u0161iuolaikiniu gyvenimu<\/p>\n<p class=\"p1\">\u2714\ufe0f <b>Puikiai tinka savaranki\u0161kam mokymuisi arba naudojimui klas\u0117je<\/b><b><\/b><\/p>\n<p class=\"p1\">\u2714\ufe0f <b>Galimyb\u0117 naudoti su \u201eOxford Advanced Learner\u2019s Dictionary\u201c program\u0117le<\/b><b><\/b><\/p>\n<p class=\"p1\">\u00a0Jei norite patobulinti savo \u017eodyn\u0105 ir jaustis <b>u\u017etikrintai bendraudami angl\u0173 kalba<\/b>, \u0161i knyga yra <b>tobulas pasirinkimas!<\/b><b><\/b><\/p>\n<p class=\"p1\"><b>\u012esigykite dabar ir kelkite savo angl\u0173 kalbos \u017einias \u012f auk\u0161tesn\u012f lyg\u012f!<\/b><\/p>\n","protected":false},"featured_media":1221,"comment_status":"open","ping_status":"closed","template":"","meta":[],"product_brand":[],"product_cat":[31],"product_tag":[],"class_list":{"0":"post-1232","1":"product","2":"type-product","3":"status-publish","4":"has-post-thumbnail","6":"product_cat-uncategorized","8":"first","9":"instock","10":"downloadable","11":"shipping-taxable","12":"purchasable","13":"product-type-simple"},"_links":{"self":[{"href":"https:\/\/mystudysmart.lt\/en\/wp-json\/wp\/v2\/product\/1232","targetHints":{"allow":["GET"]}}],"collection":[{"href":"https:\/\/mystudysmart.lt\/en\/wp-json\/wp\/v2\/product"}],"about":[{"href":"https:\/\/mystudysmart.lt\/en\/wp-json\/wp\/v2\/types\/product"}],"replies":[{"embeddable":true,"href":"https:\/\/mystudysmart.lt\/en\/wp-json\/wp\/v2\/comments?post=1232"}],"wp:featuredmedia":[{"embeddable":true,"href":"https:\/\/mystudysmart.lt\/en\/wp-json\/wp\/v2\/media\/1221"}],"wp:attachment":[{"href":"https:\/\/mystudysmart.lt\/en\/wp-json\/wp\/v2\/media?parent=1232"}],"wp:term":[{"taxonomy":"product_brand","embeddable":true,"href":"https:\/\/mystudysmart.lt\/en\/wp-json\/wp\/v2\/product_brand?post=1232"},{"taxonomy":"product_cat","embeddable":true,"href":"https:\/\/mystudysmart.lt\/en\/wp-json\/wp\/v2\/product_cat?post=1232"},{"taxonomy":"product_tag","embeddable":true,"href":"https:\/\/mystudysmart.lt\/en\/wp-json\/wp\/v2\/product_tag?post=1232"}],"curies":[{"name":"wp","href":"https:\/\/api.w.org\/{rel}","templated":true}]}}